{"id":471,"date":"2024-07-05T01:34:22","date_gmt":"2024-07-05T01:34:22","guid":{"rendered":"https:\/\/aldovallejo.com\/en\/?page_id=471"},"modified":"2024-07-05T21:05:24","modified_gmt":"2024-07-05T21:05:24","slug":"modules","status":"publish","type":"page","link":"https:\/\/aldovallejo.com\/en\/modules\/","title":{"rendered":"Modules"},"content":{"rendered":"\n<div style=\"height:34px\" aria-hidden=\"true\" class=\"wp-block-spacer\"><\/div>\n\n\n\n<div id=\"wp-block-themeisle-blocks-advanced-columns-02ee1e8f\" class=\"has-light-bg wp-block-themeisle-blocks-advanced-columns has-1-columns has-desktop-equal-layout has-tablet-equal-layout hide-in-mobile has-vertical-unset\"><div class=\"wp-block-themeisle-blocks-advanced-columns-overlay\"><\/div><div class=\"innerblocks-wrap\">\n<div id=\"wp-block-themeisle-blocks-advanced-column-8fa915a7\" class=\" wp-block-themeisle-blocks-advanced-column\">\n<p class=\"has-text-align-center has-text-color has-link-color has-large-font-size wp-elements-ba56e83f100e0efb46a35c5ec4874eb0\" style=\"color:#60a511\"><strong>MODULES<\/strong><\/p>\n<\/div>\n<\/div><\/div>\n\n\n\n<div id=\"wp-block-themeisle-blocks-advanced-columns-d819dd2c\" class=\"has-light-bg wp-block-themeisle-blocks-advanced-columns has-1-columns has-tablet-equal-layout has-mobile-collapsedRows-layout hide-in-desktop has-vertical-unset\"><div class=\"wp-block-themeisle-blocks-advanced-columns-overlay\"><\/div><div class=\"innerblocks-wrap\">\n<div id=\"wp-block-themeisle-blocks-advanced-column-e7156300\" class=\" wp-block-themeisle-blocks-advanced-column\">\n<p class=\"has-text-align-center has-text-color has-link-color wp-elements-076de68435d95f87eef1211edb3220b1\" style=\"color:#60a511;font-size:22px\"><strong>MODULES<\/strong><\/p>\n<\/div>\n<\/div><\/div>\n\n\n\n<div id=\"wp-block-themeisle-blocks-advanced-columns-5e7bfcbb\" class=\"has-light-bg wp-block-themeisle-blocks-advanced-columns has-1-columns has-desktop-equal-layout has-tablet-equal-layout has-mobile-collapsedRows-layout has-vertical-unset\"><div class=\"wp-block-themeisle-blocks-advanced-columns-overlay\"><\/div><div class=\"innerblocks-wrap\">\n<div id=\"wp-block-themeisle-blocks-advanced-column-ca3089d0\" class=\" wp-block-themeisle-blocks-advanced-column\">\n<!DOCTYPE html>\n<html lang=\"es\">\n<head>\n    <meta charset=\"UTF-8\">\n    <meta name=\"viewport\" content=\"width=device-width, initial-scale=1.0\">\n    <style>\n        .svg-container {\n            position: relative;\n            width: 100%;\n            max-width: 500px;\n            margin: auto;\n        }\n        .svg-container svg {\n            width: 100%;\n            height: auto;\n            display: block;\n        } \n        .overlay {\n            font-size: 14px!important;\n            font-family: montserrat;\n            line-height: 14px;\n            position: absolute;\n            width: 240px;\n            height: 145px;\n            background: #00000094;\n            color: white;\n            display: flex;\n            justify-content: center;\n            align-items: center;\n            text-align: center;\n            padding: 10px; \/* A\u00f1adir padding *\/\n            transition: opacity 0.3s ease;\n            pointer-events: none;\n            margin: 10px;\n            opacity: 0; \/* Ocultar inicialmente *\/\n        }\n\n        .polygon:hover + .overlay {\n            opacity: 1;\n        }\n        \/* Posiciones espec\u00edficas de cada overlay *\/\n        #overlay1 { top: 4%; left: -19%; }\n        #overlay2 { top: 8%; left: 79%; }\n        #overlay3 { top: 52%; left: 91%; }\n        #overlay4 { top: 93%; left: 31%; }\n        #overlay5 { top: 52%; left: -15%; }\n\n        \/* Estilos responsivos *\/\n        @media (max-width: 768px) {\n            .overlay {\n                width: 250px;\n                height: 150px;\n                font-size: 12px!important;\n                line-height: 12px;\n                padding: 20px; \/* A\u00f1adir padding para responsive *\/\n            }\n            #overlay1 { top: 5%; left: 0%; }\n            #overlay2 { top: 15%; left: 70%; }\n            #overlay3 { top: 55%; left: 75%; }\n            #overlay4 { top: 85%; left: 20%; }\n            #overlay5 { top: 55%; left: 0%; }\n        }\n\n        @media (max-width: 480px) {\n            .overlay {\n                width: 150px;\n                height: 120px;\n                font-size: 10px!important;\n                line-height: 10px;\n                padding: 15px; \/* A\u00f1adir padding para responsive *\/\n            }\n            #overlay1 { top: 5%; left: 5%; }\n            #overlay2 { top: 20%; left: 60%; }\n            #overlay3 { top: 60%; left: 60%; }\n            #overlay4 { top: 80%; left: 10%; }\n            #overlay5 { top: 60%; left: 5%; }\n        }\n    <\/style>\n<\/head>\n<body>\n    <div class=\"svg-container\">\n        <svg viewBox=\"0 0 100 100\" preserveAspectRatio=\"xMidYMid meet\">\n            <image href=\"https:\/\/aldovallejo.com\/en\/wp-content\/uploads\/2024\/07\/pentes.jpg\" width=\"100\" height=\"100\" clip-path=\"url(#pentagonClip)\" \/>\n            <defs>\n                <clipPath id=\"pentagonClip\">\n                    <polygon points=\"50,1 100,38 82,99 18,99 0,38\" \/>\n                <\/clipPath>\n            <\/defs>\n            <polygon class=\"polygon\" points=\"2,1 50,10 2,40 2,20 2,20\" fill=\"transparent\" stroke=\"transparent\" data-text=\"Texto 5\" \/>\n            <polygon class=\"polygon\" points=\"50,0 100,28 60,26 62,45\" fill=\"transparent\" stroke=\"transparent\" data-text=\"Texto 4\" \/>\n            <polygon class=\"polygon\" points=\"62,60 90,76 98,99 90,40\" fill=\"transparent\" stroke=\"transparent\" data-text=\"Texto 3\" \/>\n            <polygon class=\"polygon\" points=\"50,80 68,99 32,99 50,80\" fill=\"transparent\" stroke=\"transparent\" data-text=\"Texto 2\" \/>\n            <polygon class=\"polygon\" points=\"1,99 10,96 28,30 40,80\" fill=\"transparent\" stroke=\"transparent\" data-text=\"Texto 1\" \/>\n        <\/svg>\n        <div class=\"overlay\" id=\"overlay1\">A method to capture opportunities and create exponential value in a changing world, achieving a definitive market differentiation.<\/div>\n        <div class=\"overlay\" id=\"overlay2\">A specific and systematic framework to be an external Agent of Change and enable Business Evolution.<\/div>\n        <div class=\"overlay\" id=\"overlay3\">A guided process that combines leadership, inspiration, purpose connection, governance, and measurable business results.<\/div>\n        <div class=\"overlay\" id=\"overlay4\">A guided and systemic process to co-create, deploy, and take ownership of a Transcendent Corporate Purpose.<\/div>\n        <div class=\"overlay\" id=\"overlay5\">A holistic framework and concrete tools to integrate Business and Sustainability into a single Strategy with clear Objectives and Goals.<\/div>\n    <\/div>\n    <script>\n        const polygons = document.querySelectorAll('.polygon');\n        polygons.forEach((polygon, index) => {\n            polygon.addEventListener('mouseover', () => {\n                document.getElementById('overlay' + (index + 1)).style.opacity = '1';\n            });\n            polygon.addEventListener('mouseout', () => {\n                document.getElementById('overlay' + (index + 1)).style.opacity = '0';\n            });\n        });\n    <\/script>\n<\/body>\n<\/html>\n<\/div>\n<\/div><\/div>\n\n\n\n<div style=\"height:52px\" aria-hidden=\"true\" class=\"wp-block-spacer\"><\/div>\n\n\n\n<div id=\"wp-block-themeisle-blocks-advanced-columns-d9cf2df5\" class=\" wp-block-themeisle-blocks-advanced-columns has-2-columns has-desktop-twoOne-layout has-tablet-equal-layout has-mobile-collapsedRows-layout has-vertical-unset\"><div class=\"wp-block-themeisle-blocks-advanced-columns-overlay\"><\/div><div class=\"innerblocks-wrap\">\n<div id=\"wp-block-themeisle-blocks-advanced-column-44c6fe04\" class=\"has-dark-bg wp-block-themeisle-blocks-advanced-column\">\n<p class=\"textolegal has-text-color has-background has-link-color wp-elements-8b439a26f83d54cbf85c7e83f18f389d\" style=\"color:#979899;background-color:#54565a;letter-spacing:0px\"><strong>AVISO LEGAL:<\/strong><br><br>Este sitio web y su contenido est\u00e1n protegidos bajo la figura de derecho de autor y los tratados internacionales aplicables en la materia. La Metodolog\u00eda PENTEES\u00a9: PENT\u00c1GONO DE LA EVOLUCI\u00d3N EMPRESARIAL SOSTENIBLE\u00a9 est\u00e1 debidamente protegida bajo la figura de derecho de autor. El material de este sitio web est\u00e1 destinado \u00fanica y exclusivamente para dar a conocer la Metodolog\u00eda PENTEES\u00a9: PENT\u00c1GONO DE LA EVOLUCI\u00d3N EMPRESARIAL SOSTENIBLE\u00a9, as\u00ed como los servicios de asesor\u00eda de ALDO VALLEJO e informaci\u00f3n relacionada con la sostenibilidad, estrategia e innovaci\u00f3n, entre otros. Cualquier copia no autorizada, difusi\u00f3n en medios no aprobados, explotaci\u00f3n comercial o uso del contenido est\u00e1 prohibido. Derechos reservados\u00a9 Aldo Vallejo 2024.&nbsp;<br><br>Los datos aqu\u00ed prove\u00eddos ser\u00e1n destinados \u00fanica y exclusivamente con la finalidad de env\u00edo de noticias y material relacionado con el contenido del presente sitio web, as\u00ed como para el env\u00edo de informaci\u00f3n de inter\u00e9s, boletines, noticias y\/o informes.<\/p>\n<\/div>\n\n\n\n<div id=\"wp-block-themeisle-blocks-advanced-column-996ab43d\" class=\"has-light-bg wp-block-themeisle-blocks-advanced-column\">\n<div style=\"height:20px\" aria-hidden=\"true\" class=\"wp-block-spacer\"><\/div>\n\n\n\n<div id=\"mc_embed_shell\">\n    <link href=\"\/\/cdn-images.mailchimp.com\/embedcode\/classic-061523.css\" rel=\"stylesheet\" type=\"text\/css\">\n    <style type=\"text\/css\">\n        #mc_embed_signup {\n            background: #fff;\n            clear: left;\n            font: 14px;\n            font-family:montserrat;\n            width: 100%;\n            max-width: 600px;\n            margin: 0 auto;\n        }\n        #mc_embed_signup h2 {\n            text-align: center;\n            font-size: 26px;\n            color: #54565a;\n            padding-top: 18px;\n        }\n        #mc_embed_signup .mc-field-group input {\n            display: block;\n            width: 98%;\n            padding: 8px 0;\n            text-indent: 2%;\n        }\n        #mc_embed_signup .button {\n            font-size: 20px;\n            font-weight: bold;\n            border-radius: 15px;\n        }\n        #mc_embed_signup .mc-field-group {\n            clear: none;\n            position: relative;\n            width: 48%;\n            padding-bottom: 3%;\n            min-height: 50px;\n            display: inline-block;\n            float: left;\n            box-sizing: border-box;\n        }\n        #mc_embed_signup .foot {\n            display: block;\n            margin: auto;\n        }\n        #mc_embed_signup p {\n              padding-left: 10px;\n    padding-right: 10px;\n        }\n\n        \/* Estilos responsivos para m\u00f3viles *\/\n        @media (max-width: 600px) {\n            #mc_embed_signup .mc-field-group {\n                width: 100%;\n                display: block;\n                float: none;\n            }\n            #mc_embed_signup .mc-field-group input {\n                width: 96%;\n                margin: 0 auto;\n            }\n        }\n    <\/style>\n    <div id=\"mc_embed_signup\">\n        <h2>Mantente conectado<\/h2>\n        <p>Suscr\u00edbete y recibe peri\u00f3dicamente un bolet\u00edn con informaci\u00f3n estrat\u00e9gica y relevante para tu negocio.<\/p>\n      <form action=\"https:\/\/aldovallejo.us22.list-manage.com\/subscribe\/post?u=476ec8e37e8bdeb35ac38b8ce&amp;id=5f29f02e26&amp;f_id=0028cce1f0\" method=\"post\" id=\"mc-embedded-subscribe-form\" name=\"mc-embedded-subscribe-form\" class=\"validate\" target=\"_blank\"> \n            <div class=\"mc-field-group\">\n                <input type=\"text\" name=\"FNAME\" class=\"text\" id=\"mce-FNAME\" value=\"\" placeholder=\"Nombre\">\n            <\/div>\n            <div class=\"mc-field-group\">\n                <input type=\"email\" name=\"EMAIL\" class=\"required email\" id=\"mce-EMAIL\" value=\"\" placeholder=\"Email *\" required>\n            <\/div>\n            <div id=\"mce-responses\" class=\"clear foot\">\n                <div class=\"response\" id=\"mce-error-response\" style=\"display:none;\"><\/div>\n                <div class=\"response\" id=\"mce-success-response\" style=\"display:none;\"><\/div>\n            <\/div>\n               <div aria-hidden=\"true\" style=\"position: absolute; left: -5000px;\">\n        \/* real people should not fill this in and expect good things &#8211; do not remove this or risk form bot signups *\/\n        <input type=\"text\" name=\"b_476ec8e37e8bdeb35ac38b8ce_5f29f02e26\" tabindex=\"-1\" value=\"\">\n    <\/div>\n            <div class=\"optionalParent\">\n                <div class=\"clear foot\" style=\"text-align: center;\">\n                    <input type=\"submit\" name=\"subscribe\" id=\"mc-embedded-subscribe\" class=\"button\" value=\"Suscr\u00edbete\" style=\"background-color: #60a511; color: white;\">\n                <\/div>\n            <\/div>\n        <\/form>\n    <\/div>\n<script type=\"text\/javascript\" src=\"\/\/s3.amazonaws.com\/downloads.mailchimp.com\/js\/mc-validate.js\"><\/script><script type=\"text\/javascript\">\n        (function($) {\n            window.fnames = new Array(); \n            window.ftypes = new Array();\n            fnames[1] = 'FNAME'; \n            ftypes[1] = 'text';\n            fnames[0] = 'EMAIL'; \n            ftypes[0] = 'email';\n            fnames[2] = 'LNAME'; \n            ftypes[2] = 'text';\n            fnames[3] = 'ADDRESS'; \n            ftypes[3] = 'address';\n            fnames[4] = 'PHONE'; \n            ftypes[4] = 'phone';\n            fnames[5] = 'BIRTHDAY'; \n            ftypes[5] = 'birthday';\n        }(jQuery));\n        var $mcj = jQuery.noConflict(true);\n    <\/script>\n<\/div>\n<\/div>\n<\/div><\/div>\n","protected":false},"excerpt":{"rendered":"","protected":false},"author":1,"featured_media":0,"parent":0,"menu_order":0,"comment_status":"closed","ping_status":"closed","template":"","meta":{"nf_dc_page":"","om_disable_all_campaigns":false,"neve_meta_sidebar":"","neve_meta_container":"contained","neve_meta_enable_content_width":"on","neve_meta_content_width":100,"neve_meta_title_alignment":"","neve_meta_author_avatar":"","neve_post_elements_order":"","neve_meta_disable_header":"","neve_meta_disable_footer":"","neve_meta_disable_title":"on","_themeisle_gutenberg_block_has_review":false,"footnotes":""},"class_list":["post-471","page","type-page","status-publish","hentry"],"yoast_head":"<!-- This site is optimized with the Yoast SEO plugin v27.4 - https:\/\/yoast.com\/product\/yoast-seo-wordpress\/ -->\n<title>Modules - Aldo Vallejo<\/title>\n<meta name=\"robots\" content=\"index, follow, max-snippet:-1, max-image-preview:large, max-video-preview:-1\" \/>\n<link rel=\"canonical\" href=\"https:\/\/aldovallejo.com\/en\/modules\/\" \/>\n<meta property=\"og:locale\" content=\"en_US\" \/>\n<meta property=\"og:type\" content=\"article\" \/>\n<meta property=\"og:title\" content=\"Modules - Aldo Vallejo\" \/>\n<meta property=\"og:url\" content=\"https:\/\/aldovallejo.com\/en\/modules\/\" \/>\n<meta property=\"og:site_name\" content=\"Aldo Vallejo\" \/>\n<meta property=\"article:modified_time\" content=\"2024-07-05T21:05:24+00:00\" \/>\n<meta name=\"twitter:card\" content=\"summary_large_image\" \/>\n<meta name=\"twitter:label1\" content=\"Est. reading time\" \/>\n\t<meta name=\"twitter:data1\" content=\"2 minutes\" \/>\n<script type=\"application\/ld+json\" class=\"yoast-schema-graph\">{\"@context\":\"https:\\\/\\\/schema.org\",\"@graph\":[{\"@type\":\"WebPage\",\"@id\":\"https:\\\/\\\/aldovallejo.com\\\/en\\\/modules\\\/\",\"url\":\"https:\\\/\\\/aldovallejo.com\\\/en\\\/modules\\\/\",\"name\":\"Modules - Aldo Vallejo\",\"isPartOf\":{\"@id\":\"https:\\\/\\\/aldovallejo.com\\\/en\\\/#website\"},\"datePublished\":\"2024-07-05T01:34:22+00:00\",\"dateModified\":\"2024-07-05T21:05:24+00:00\",\"breadcrumb\":{\"@id\":\"https:\\\/\\\/aldovallejo.com\\\/en\\\/modules\\\/#breadcrumb\"},\"inLanguage\":\"en-US\",\"potentialAction\":[{\"@type\":\"ReadAction\",\"target\":[\"https:\\\/\\\/aldovallejo.com\\\/en\\\/modules\\\/\"]}]},{\"@type\":\"BreadcrumbList\",\"@id\":\"https:\\\/\\\/aldovallejo.com\\\/en\\\/modules\\\/#breadcrumb\",\"itemListElement\":[{\"@type\":\"ListItem\",\"position\":1,\"name\":\"Home\",\"item\":\"https:\\\/\\\/aldovallejo.com\\\/en\\\/\"},{\"@type\":\"ListItem\",\"position\":2,\"name\":\"Modules\"}]},{\"@type\":\"WebSite\",\"@id\":\"https:\\\/\\\/aldovallejo.com\\\/en\\\/#website\",\"url\":\"https:\\\/\\\/aldovallejo.com\\\/en\\\/\",\"name\":\"Aldo Vallejo\",\"description\":\"\",\"publisher\":{\"@id\":\"https:\\\/\\\/aldovallejo.com\\\/en\\\/#organization\"},\"potentialAction\":[{\"@type\":\"SearchAction\",\"target\":{\"@type\":\"EntryPoint\",\"urlTemplate\":\"https:\\\/\\\/aldovallejo.com\\\/en\\\/?s={search_term_string}\"},\"query-input\":{\"@type\":\"PropertyValueSpecification\",\"valueRequired\":true,\"valueName\":\"search_term_string\"}}],\"inLanguage\":\"en-US\"},{\"@type\":\"Organization\",\"@id\":\"https:\\\/\\\/aldovallejo.com\\\/en\\\/#organization\",\"name\":\"Aldo Vallejo\",\"url\":\"https:\\\/\\\/aldovallejo.com\\\/en\\\/\",\"logo\":{\"@type\":\"ImageObject\",\"inLanguage\":\"en-US\",\"@id\":\"https:\\\/\\\/aldovallejo.com\\\/en\\\/#\\\/schema\\\/logo\\\/image\\\/\",\"url\":\"https:\\\/\\\/aldovallejo.com\\\/en\\\/wp-content\\\/uploads\\\/2021\\\/02\\\/logo-neve.svg\",\"contentUrl\":\"https:\\\/\\\/aldovallejo.com\\\/en\\\/wp-content\\\/uploads\\\/2021\\\/02\\\/logo-neve.svg\",\"width\":85,\"height\":83,\"caption\":\"Aldo Vallejo\"},\"image\":{\"@id\":\"https:\\\/\\\/aldovallejo.com\\\/en\\\/#\\\/schema\\\/logo\\\/image\\\/\"}}]}<\/script>\n<!-- \/ Yoast SEO plugin. -->","yoast_head_json":{"title":"Modules - Aldo Vallejo","robots":{"index":"index","follow":"follow","max-snippet":"max-snippet:-1","max-image-preview":"max-image-preview:large","max-video-preview":"max-video-preview:-1"},"canonical":"https:\/\/aldovallejo.com\/en\/modules\/","og_locale":"en_US","og_type":"article","og_title":"Modules - Aldo Vallejo","og_url":"https:\/\/aldovallejo.com\/en\/modules\/","og_site_name":"Aldo Vallejo","article_modified_time":"2024-07-05T21:05:24+00:00","twitter_card":"summary_large_image","twitter_misc":{"Est. reading time":"2 minutes"},"schema":{"@context":"https:\/\/schema.org","@graph":[{"@type":"WebPage","@id":"https:\/\/aldovallejo.com\/en\/modules\/","url":"https:\/\/aldovallejo.com\/en\/modules\/","name":"Modules - Aldo Vallejo","isPartOf":{"@id":"https:\/\/aldovallejo.com\/en\/#website"},"datePublished":"2024-07-05T01:34:22+00:00","dateModified":"2024-07-05T21:05:24+00:00","breadcrumb":{"@id":"https:\/\/aldovallejo.com\/en\/modules\/#breadcrumb"},"inLanguage":"en-US","potentialAction":[{"@type":"ReadAction","target":["https:\/\/aldovallejo.com\/en\/modules\/"]}]},{"@type":"BreadcrumbList","@id":"https:\/\/aldovallejo.com\/en\/modules\/#breadcrumb","itemListElement":[{"@type":"ListItem","position":1,"name":"Home","item":"https:\/\/aldovallejo.com\/en\/"},{"@type":"ListItem","position":2,"name":"Modules"}]},{"@type":"WebSite","@id":"https:\/\/aldovallejo.com\/en\/#website","url":"https:\/\/aldovallejo.com\/en\/","name":"Aldo Vallejo","description":"","publisher":{"@id":"https:\/\/aldovallejo.com\/en\/#organization"},"potentialAction":[{"@type":"SearchAction","target":{"@type":"EntryPoint","urlTemplate":"https:\/\/aldovallejo.com\/en\/?s={search_term_string}"},"query-input":{"@type":"PropertyValueSpecification","valueRequired":true,"valueName":"search_term_string"}}],"inLanguage":"en-US"},{"@type":"Organization","@id":"https:\/\/aldovallejo.com\/en\/#organization","name":"Aldo Vallejo","url":"https:\/\/aldovallejo.com\/en\/","logo":{"@type":"ImageObject","inLanguage":"en-US","@id":"https:\/\/aldovallejo.com\/en\/#\/schema\/logo\/image\/","url":"https:\/\/aldovallejo.com\/en\/wp-content\/uploads\/2021\/02\/logo-neve.svg","contentUrl":"https:\/\/aldovallejo.com\/en\/wp-content\/uploads\/2021\/02\/logo-neve.svg","width":85,"height":83,"caption":"Aldo Vallejo"},"image":{"@id":"https:\/\/aldovallejo.com\/en\/#\/schema\/logo\/image\/"}}]}},"jetpack_sharing_enabled":true,"_links":{"self":[{"href":"https:\/\/aldovallejo.com\/en\/wp-json\/wp\/v2\/pages\/471","targetHints":{"allow":["GET"]}}],"collection":[{"href":"https:\/\/aldovallejo.com\/en\/wp-json\/wp\/v2\/pages"}],"about":[{"href":"https:\/\/aldovallejo.com\/en\/wp-json\/wp\/v2\/types\/page"}],"author":[{"embeddable":true,"href":"https:\/\/aldovallejo.com\/en\/wp-json\/wp\/v2\/users\/1"}],"replies":[{"embeddable":true,"href":"https:\/\/aldovallejo.com\/en\/wp-json\/wp\/v2\/comments?post=471"}],"version-history":[{"count":4,"href":"https:\/\/aldovallejo.com\/en\/wp-json\/wp\/v2\/pages\/471\/revisions"}],"predecessor-version":[{"id":546,"href":"https:\/\/aldovallejo.com\/en\/wp-json\/wp\/v2\/pages\/471\/revisions\/546"}],"wp:attachment":[{"href":"https:\/\/aldovallejo.com\/en\/wp-json\/wp\/v2\/media?parent=471"}],"curies":[{"name":"wp","href":"https:\/\/api.w.org\/{rel}","templated":true}]}}