{"id":491,"date":"2024-07-05T15:50:22","date_gmt":"2024-07-05T15:50:22","guid":{"rendered":"https:\/\/aldovallejo.com\/en\/?page_id=491"},"modified":"2024-10-04T21:18:07","modified_gmt":"2024-10-04T21:18:07","slug":"multimedia","status":"publish","type":"page","link":"https:\/\/aldovallejo.com\/en\/multimedia\/","title":{"rendered":"Multimedia"},"content":{"rendered":"\n<div style=\"height:66px\" aria-hidden=\"true\" class=\"wp-block-spacer\"><\/div>\n\n\n\n<p class=\"has-text-align-center has-text-color has-link-color wp-elements-aac74a792139ee26c1f903d5acf23cb8\" style=\"color:#60a511;font-size:46px;font-style:normal;font-weight:700\"><strong>VIDEOS<\/strong><\/p>\n\n\n\n<div class=\"wp-block-columns is-layout-flex wp-container-core-columns-is-layout-9d6595d7 wp-block-columns-is-layout-flex\">\n<div class=\"wp-block-column is-layout-flow wp-block-column-is-layout-flow\" style=\"flex-basis:100%\"><div class=\"align wp-block-vgb-video-gallery\" id='vgbVideoGallery-1' data-attributes='{&quot;cId&quot;:&quot;7369f93e-5&quot;,&quot;videos&quot;:[{&quot;video&quot;:&quot;https:\\\/\\\/aldovallejo.com\\\/en\\\/wp-content\\\/uploads\\\/2024\\\/08\\\/VIDEO-2-ALDO-VALLEJO-INGLES-clip-unido.mp4&quot;,&quot;poster&quot;:&quot;https:\\\/\\\/aldovallejo.com\\\/en\\\/wp-content\\\/uploads\\\/2024\\\/08\\\/v1.jpg&quot;,&quot;caption&quot;:&quot;&quot;,&quot;albs&quot;:[]},{&quot;video&quot;:&quot;https:\\\/\\\/aldovallejo.com\\\/en\\\/wp-content\\\/uploads\\\/2024\\\/08\\\/VIDEO-4-ALDO-VALLEJO-INGLES_1.mp4&quot;,&quot;albs&quot;:[],&quot;poster&quot;:&quot;https:\\\/\\\/aldovallejo.com\\\/en\\\/wp-content\\\/uploads\\\/2024\\\/08\\\/v2.jpg&quot;},{&quot;video&quot;:&quot;https:\\\/\\\/aldovallejo.com\\\/en\\\/wp-content\\\/uploads\\\/2024\\\/08\\\/VIDEO-8-ALDO-VALLEJO-INGLES_1.mp4&quot;,&quot;albs&quot;:[],&quot;poster&quot;:&quot;https:\\\/\\\/aldovallejo.com\\\/en\\\/wp-content\\\/uploads\\\/2024\\\/08\\\/v3.jpg&quot;},{&quot;video&quot;:&quot;https:\\\/\\\/aldovallejo.com\\\/en\\\/wp-content\\\/uploads\\\/2024\\\/08\\\/VIDEO-5-ALDO-VALLEJO-INGLES_1.mp4&quot;,&quot;albs&quot;:[],&quot;poster&quot;:&quot;https:\\\/\\\/aldovallejo.com\\\/en\\\/wp-content\\\/uploads\\\/2024\\\/08\\\/v4.jpg&quot;},{&quot;video&quot;:&quot;https:\\\/\\\/aldovallejo.com\\\/en\\\/wp-content\\\/uploads\\\/2024\\\/08\\\/VIDEO-6-ALDO-VALLEJO-INGLES-clip-unido.mp4&quot;,&quot;albs&quot;:[],&quot;poster&quot;:&quot;https:\\\/\\\/aldovallejo.com\\\/en\\\/wp-content\\\/uploads\\\/2024\\\/08\\\/v5.jpg&quot;},{&quot;video&quot;:&quot;https:\\\/\\\/aldovallejo.com\\\/en\\\/wp-content\\\/uploads\\\/2024\\\/09\\\/v9.mp4&quot;,&quot;albs&quot;:[],&quot;poster&quot;:&quot;https:\\\/\\\/aldovallejo.com\\\/en\\\/wp-content\\\/uploads\\\/2024\\\/09\\\/aff.jpg&quot;},{&quot;video&quot;:&quot;https:\\\/\\\/aldovallejo.com\\\/en\\\/wp-content\\\/uploads\\\/2024\\\/10\\\/ap.mp4&quot;,&quot;albs&quot;:[],&quot;poster&quot;:&quot;https:\\\/\\\/aldovallejo.com\\\/en\\\/wp-content\\\/uploads\\\/2024\\\/10\\\/av494-2.jpg&quot;},{&quot;video&quot;:&quot;https:\\\/\\\/aldovallejo.com\\\/en\\\/wp-content\\\/uploads\\\/2024\\\/10\\\/2ALDOVALLEJO_1.mp4&quot;,&quot;albs&quot;:[],&quot;poster&quot;:&quot;https:\\\/\\\/aldovallejo.com\\\/en\\\/wp-content\\\/uploads\\\/2024\\\/10\\\/av030.jpg&quot;},{&quot;video&quot;:&quot;https:\\\/\\\/aldovallejo.com\\\/en\\\/wp-content\\\/uploads\\\/2024\\\/10\\\/7ALDOVALLEJO_1.mp4&quot;,&quot;albs&quot;:[],&quot;poster&quot;:&quot;https:\\\/\\\/aldovallejo.com\\\/en\\\/wp-content\\\/uploads\\\/2024\\\/10\\\/av00.jpg&quot;}],&quot;columnGap&quot;:5,&quot;filter&quot;:{&quot;show&quot;:true,&quot;commonLabel&quot;:&quot;Galer\\u00eda de videos&quot;},&quot;background&quot;:{&quot;color&quot;:&quot;rgba(255, 255, 255, 0)&quot;},&quot;border&quot;:{&quot;radius&quot;:&quot;0px&quot;,&quot;color&quot;:&quot;rgba(255, 255, 255, 0)&quot;},&quot;filterBtnTypo&quot;:{&quot;fontSize&quot;:{&quot;desktop&quot;:0,&quot;tablet&quot;:14,&quot;mobile&quot;:14}},&quot;filterBtnColors&quot;:{&quot;color&quot;:&quot;var(--nv-site-bg)&quot;,&quot;bg&quot;:&quot;var(--nv-site-bg)&quot;,&quot;bgType&quot;:&quot;solid&quot;},&quot;filterBtnHoverColors&quot;:{&quot;color&quot;:&quot;var(--nv-site-bg)&quot;,&quot;bg&quot;:&quot;rgba(0, 0, 0, 1)&quot;},&quot;itemHeight&quot;:&quot;300px&quot;,&quot;align&quot;:&quot;&quot;,&quot;albums&quot;:[],&quot;columns&quot;:{&quot;desktop&quot;:3,&quot;tablet&quot;:2,&quot;mobile&quot;:1},&quot;rowGap&quot;:10,&quot;isPopupWidthAsRatio&quot;:false,&quot;padding&quot;:{&quot;vertical&quot;:&quot;10px&quot;,&quot;horizontal&quot;:&quot;10px&quot;},&quot;shadow&quot;:[{&quot;hOffset&quot;:&quot;0px&quot;,&quot;vOffset&quot;:&quot;25px&quot;,&quot;blur&quot;:&quot;30px&quot;,&quot;spreed&quot;:&quot;-20px&quot;,&quot;color&quot;:&quot;#0003&quot;}],&quot;hasCustomCSS&quot;:false,&quot;customCSS&quot;:&quot;&quot;,&quot;openPopupId&quot;:&quot;&quot;,&quot;otterConditions&quot;:[]}'><\/div><\/div>\n<\/div>\n\n\n\n<p class=\"has-text-align-center has-text-color has-link-color wp-elements-6f82705be601f22dded039c0477f51e6\" style=\"color:#60a511;font-size:46px;font-style:normal;font-weight:700\"><strong>PODCASTS<\/strong><\/p>\n\n\n\n<div id=\"wp-block-themeisle-blocks-advanced-columns-5e7bfcbb\" class=\" wp-block-themeisle-blocks-advanced-columns has-1-columns has-desktop-equal-layout has-tablet-equal-layout has-mobile-collapsedRows-layout has-vertical-unset\"><div class=\"wp-block-themeisle-blocks-advanced-columns-overlay\"><\/div><div class=\"innerblocks-wrap\">\n<div id=\"wp-block-themeisle-blocks-advanced-column-f3018b54\" class=\" wp-block-themeisle-blocks-advanced-column\">\n<style>.iframe-container {\n    display: flex;\n    justify-content: center;\n    align-items: center;\n    width: 100%;\n    height: 100%;\n}\n.wp-block-vgb-video-gallery .filter   \n{display:none!important;}\n\n.iframe-container iframe {\n    max-width: 100%;\n}\n <\/style>\n<div class=\"iframe-container\">\n    <iframe style=\"border-radius:12px\" src=\"https:\/\/open.spotify.com\/embed\/episode\/4X8M3exXrdZp8Nd90WlISB?utm_source=generator\" width=\"70%\" height=\"350\" frameBorder=\"0\" allowfullscreen=\"\" allow=\"autoplay; clipboard-write; encrypted-media; fullscreen; picture-in-picture\" loading=\"lazy\"><\/iframe>\n<\/div>\n<\/div>\n<\/div><\/div>\n\n\n\n<div style=\"height:52px\" aria-hidden=\"true\" class=\"wp-block-spacer\"><\/div>\n\n\n\n<div id=\"wp-block-themeisle-blocks-advanced-columns-d9cf2df5\" class=\" wp-block-themeisle-blocks-advanced-columns has-2-columns has-desktop-twoOne-layout has-tablet-equal-layout has-mobile-collapsedRows-layout has-vertical-unset\"><div class=\"wp-block-themeisle-blocks-advanced-columns-overlay\"><\/div><div class=\"innerblocks-wrap\">\n<div id=\"wp-block-themeisle-blocks-advanced-column-44c6fe04\" class=\"has-dark-bg wp-block-themeisle-blocks-advanced-column\">\n<p class=\"textolegal has-text-color has-background has-link-color wp-elements-552a4759fef1be6dc098d29c899a466b\" style=\"color:#979899;background-color:#54565a;letter-spacing:0px\"><strong>LEGAL NOTICE:<\/strong><br>This website and its content are protected under copyright law and applicable international treaties. The PENTEES\u00a9 Methodology: PENTAGON OF SUSTAINABLE BUSINESS EVOLUTION\u00a9 is duly protected under copyright law. The material on this website is intended solely and exclusively to introduce the PENTEES\u00a9 Methodology: PENTAGON OF SUSTAINABLE BUSINESS EVOLUTION\u00a9, as well as to provide advisory services by ALDO VALLEJO and information related to sustainability, strategy, and innovation, among other topics. Any unauthorized copying, dissemination in unapproved media, commercial exploitation, or use of the content is prohibited. All rights reserved\u00a9 Aldo Vallejo 2024.<br>The data provided here will be used solely and exclusively for the purpose of sending news and material related to the content of this website, as well as for sending information of interest, newsletters, news, and\/or reports.<\/p>\n<\/div>\n\n\n\n<div id=\"wp-block-themeisle-blocks-advanced-column-996ab43d\" class=\"has-light-bg wp-block-themeisle-blocks-advanced-column\">\n<div style=\"height:20px\" aria-hidden=\"true\" class=\"wp-block-spacer\"><\/div>\n\n\n\n<div id=\"mc_embed_shell\">\n    <link href=\"\/\/cdn-images.mailchimp.com\/embedcode\/classic-061523.css\" rel=\"stylesheet\" type=\"text\/css\">\n    <style type=\"text\/css\">\n        #mc_embed_signup {\n            background: #fff;\n            clear: left;\n            font: 14px;\n            font-family:montserrat;\n            width: 100%;\n            max-width: 600px;\n            margin: 0 auto;\n        }\n        #mc_embed_signup h2 {\n            text-align: center;\n            font-size: 26px;\n            color: #54565a;\n            padding-top: 18px;\n        }\n        #mc_embed_signup .mc-field-group input {\n            display: block;\n            width: 98%;\n            padding: 8px 0;\n            text-indent: 2%;\n        }\n        #mc_embed_signup .button {\n            font-size: 20px;\n            font-weight: bold;\n            border-radius: 15px;\n        }\n        #mc_embed_signup .mc-field-group {\n            clear: none;\n            position: relative;\n            width: 48%;\n            padding-bottom: 3%;\n            min-height: 50px;\n            display: inline-block;\n            float: left;\n            box-sizing: border-box;\n        }\n        #mc_embed_signup .foot {\n            display: block;\n            margin: auto;\n        }\n        #mc_embed_signup p {\n              padding-left: 10px;\n    padding-right: 10px;\n        }\n\n        \/* Estilos responsivos para m\u00f3viles *\/\n        @media (max-width: 600px) {\n            #mc_embed_signup .mc-field-group {\n                width: 100%;\n                display: block;\n                float: none;\n            }\n            #mc_embed_signup .mc-field-group input {\n                width: 96%;\n                margin: 0 auto;\n            }\n        }\n    <\/style>\n    <div id=\"mc_embed_signup\">\n        <h2>Mantente conectado<\/h2>\n        <p>Suscr\u00edbete y recibe peri\u00f3dicamente un bolet\u00edn con informaci\u00f3n estrat\u00e9gica y relevante para tu negocio.<\/p>\n      <form action=\"https:\/\/aldovallejo.us22.list-manage.com\/subscribe\/post?u=476ec8e37e8bdeb35ac38b8ce&amp;id=5f29f02e26&amp;f_id=0028cce1f0\" method=\"post\" id=\"mc-embedded-subscribe-form\" name=\"mc-embedded-subscribe-form\" class=\"validate\" target=\"_blank\"> \n            <div class=\"mc-field-group\">\n                <input type=\"text\" name=\"FNAME\" class=\"text\" id=\"mce-FNAME\" value=\"\" placeholder=\"Nombre\">\n            <\/div>\n            <div class=\"mc-field-group\">\n                <input type=\"email\" name=\"EMAIL\" class=\"required email\" id=\"mce-EMAIL\" value=\"\" placeholder=\"Email *\" required>\n            <\/div>\n            <div id=\"mce-responses\" class=\"clear foot\">\n                <div class=\"response\" id=\"mce-error-response\" style=\"display:none;\"><\/div>\n                <div class=\"response\" id=\"mce-success-response\" style=\"display:none;\"><\/div>\n            <\/div>\n               <div aria-hidden=\"true\" style=\"position: absolute; left: -5000px;\">\n        \/* real people should not fill this in and expect good things &#8211; do not remove this or risk form bot signups *\/\n        <input type=\"text\" name=\"b_476ec8e37e8bdeb35ac38b8ce_5f29f02e26\" tabindex=\"-1\" value=\"\">\n    <\/div>\n            <div class=\"optionalParent\">\n                <div class=\"clear foot\" style=\"text-align: center;\">\n                    <input type=\"submit\" name=\"subscribe\" id=\"mc-embedded-subscribe\" class=\"button\" value=\"Suscr\u00edbete\" style=\"background-color: #60a511; color: white;\">\n                <\/div>\n            <\/div>\n        <\/form>\n    <\/div>\n<script type=\"text\/javascript\" src=\"\/\/s3.amazonaws.com\/downloads.mailchimp.com\/js\/mc-validate.js\"><\/script><script type=\"text\/javascript\">\n        (function($) {\n            window.fnames = new Array(); \n            window.ftypes = new Array();\n            fnames[1] = 'FNAME'; \n            ftypes[1] = 'text';\n            fnames[0] = 'EMAIL'; \n            ftypes[0] = 'email';\n            fnames[2] = 'LNAME'; \n            ftypes[2] = 'text';\n            fnames[3] = 'ADDRESS'; \n            ftypes[3] = 'address';\n            fnames[4] = 'PHONE'; \n            ftypes[4] = 'phone';\n            fnames[5] = 'BIRTHDAY'; \n            ftypes[5] = 'birthday';\n        }(jQuery));\n        var $mcj = jQuery.noConflict(true);\n    <\/script>\n<\/div>\n<\/div>\n<\/div><\/div>\n","protected":false},"excerpt":{"rendered":"<p>VIDEOS PODCASTS<\/p>\n","protected":false},"author":1,"featured_media":0,"parent":0,"menu_order":0,"comment_status":"closed","ping_status":"closed","template":"","meta":{"nf_dc_page":"","om_disable_all_campaigns":false,"neve_meta_sidebar":"","neve_meta_container":"contained","neve_meta_enable_content_width":"on","neve_meta_content_width":100,"neve_meta_title_alignment":"","neve_meta_author_avatar":"","neve_post_elements_order":"","neve_meta_disable_header":"","neve_meta_disable_footer":"","neve_meta_disable_title":"on","_themeisle_gutenberg_block_has_review":false,"footnotes":""},"class_list":["post-491","page","type-page","status-publish","hentry"],"yoast_head":"<!-- This site is optimized with the Yoast SEO plugin v27.4 - https:\/\/yoast.com\/product\/yoast-seo-wordpress\/ -->\n<title>Multimedia - Aldo Vallejo<\/title>\n<meta name=\"robots\" content=\"index, follow, max-snippet:-1, max-image-preview:large, max-video-preview:-1\" \/>\n<link rel=\"canonical\" href=\"https:\/\/aldovallejo.com\/en\/multimedia\/\" \/>\n<meta property=\"og:locale\" content=\"en_US\" \/>\n<meta property=\"og:type\" content=\"article\" \/>\n<meta property=\"og:title\" content=\"Multimedia - Aldo Vallejo\" \/>\n<meta property=\"og:description\" content=\"VIDEOS PODCASTS\" \/>\n<meta property=\"og:url\" content=\"https:\/\/aldovallejo.com\/en\/multimedia\/\" \/>\n<meta property=\"og:site_name\" content=\"Aldo Vallejo\" \/>\n<meta property=\"article:modified_time\" content=\"2024-10-04T21:18:07+00:00\" \/>\n<meta name=\"twitter:card\" content=\"summary_large_image\" \/>\n<meta name=\"twitter:label1\" content=\"Est. reading time\" \/>\n\t<meta name=\"twitter:data1\" content=\"1 minute\" \/>\n<script type=\"application\/ld+json\" class=\"yoast-schema-graph\">{\"@context\":\"https:\\\/\\\/schema.org\",\"@graph\":[{\"@type\":\"WebPage\",\"@id\":\"https:\\\/\\\/aldovallejo.com\\\/en\\\/multimedia\\\/\",\"url\":\"https:\\\/\\\/aldovallejo.com\\\/en\\\/multimedia\\\/\",\"name\":\"Multimedia - Aldo Vallejo\",\"isPartOf\":{\"@id\":\"https:\\\/\\\/aldovallejo.com\\\/en\\\/#website\"},\"datePublished\":\"2024-07-05T15:50:22+00:00\",\"dateModified\":\"2024-10-04T21:18:07+00:00\",\"breadcrumb\":{\"@id\":\"https:\\\/\\\/aldovallejo.com\\\/en\\\/multimedia\\\/#breadcrumb\"},\"inLanguage\":\"en-US\",\"potentialAction\":[{\"@type\":\"ReadAction\",\"target\":[\"https:\\\/\\\/aldovallejo.com\\\/en\\\/multimedia\\\/\"]}]},{\"@type\":\"BreadcrumbList\",\"@id\":\"https:\\\/\\\/aldovallejo.com\\\/en\\\/multimedia\\\/#breadcrumb\",\"itemListElement\":[{\"@type\":\"ListItem\",\"position\":1,\"name\":\"Home\",\"item\":\"https:\\\/\\\/aldovallejo.com\\\/en\\\/\"},{\"@type\":\"ListItem\",\"position\":2,\"name\":\"Multimedia\"}]},{\"@type\":\"WebSite\",\"@id\":\"https:\\\/\\\/aldovallejo.com\\\/en\\\/#website\",\"url\":\"https:\\\/\\\/aldovallejo.com\\\/en\\\/\",\"name\":\"Aldo Vallejo\",\"description\":\"\",\"publisher\":{\"@id\":\"https:\\\/\\\/aldovallejo.com\\\/en\\\/#organization\"},\"potentialAction\":[{\"@type\":\"SearchAction\",\"target\":{\"@type\":\"EntryPoint\",\"urlTemplate\":\"https:\\\/\\\/aldovallejo.com\\\/en\\\/?s={search_term_string}\"},\"query-input\":{\"@type\":\"PropertyValueSpecification\",\"valueRequired\":true,\"valueName\":\"search_term_string\"}}],\"inLanguage\":\"en-US\"},{\"@type\":\"Organization\",\"@id\":\"https:\\\/\\\/aldovallejo.com\\\/en\\\/#organization\",\"name\":\"Aldo Vallejo\",\"url\":\"https:\\\/\\\/aldovallejo.com\\\/en\\\/\",\"logo\":{\"@type\":\"ImageObject\",\"inLanguage\":\"en-US\",\"@id\":\"https:\\\/\\\/aldovallejo.com\\\/en\\\/#\\\/schema\\\/logo\\\/image\\\/\",\"url\":\"https:\\\/\\\/aldovallejo.com\\\/en\\\/wp-content\\\/uploads\\\/2021\\\/02\\\/logo-neve.svg\",\"contentUrl\":\"https:\\\/\\\/aldovallejo.com\\\/en\\\/wp-content\\\/uploads\\\/2021\\\/02\\\/logo-neve.svg\",\"width\":85,\"height\":83,\"caption\":\"Aldo Vallejo\"},\"image\":{\"@id\":\"https:\\\/\\\/aldovallejo.com\\\/en\\\/#\\\/schema\\\/logo\\\/image\\\/\"}}]}<\/script>\n<!-- \/ Yoast SEO plugin. -->","yoast_head_json":{"title":"Multimedia - Aldo Vallejo","robots":{"index":"index","follow":"follow","max-snippet":"max-snippet:-1","max-image-preview":"max-image-preview:large","max-video-preview":"max-video-preview:-1"},"canonical":"https:\/\/aldovallejo.com\/en\/multimedia\/","og_locale":"en_US","og_type":"article","og_title":"Multimedia - Aldo Vallejo","og_description":"VIDEOS PODCASTS","og_url":"https:\/\/aldovallejo.com\/en\/multimedia\/","og_site_name":"Aldo Vallejo","article_modified_time":"2024-10-04T21:18:07+00:00","twitter_card":"summary_large_image","twitter_misc":{"Est. reading time":"1 minute"},"schema":{"@context":"https:\/\/schema.org","@graph":[{"@type":"WebPage","@id":"https:\/\/aldovallejo.com\/en\/multimedia\/","url":"https:\/\/aldovallejo.com\/en\/multimedia\/","name":"Multimedia - Aldo Vallejo","isPartOf":{"@id":"https:\/\/aldovallejo.com\/en\/#website"},"datePublished":"2024-07-05T15:50:22+00:00","dateModified":"2024-10-04T21:18:07+00:00","breadcrumb":{"@id":"https:\/\/aldovallejo.com\/en\/multimedia\/#breadcrumb"},"inLanguage":"en-US","potentialAction":[{"@type":"ReadAction","target":["https:\/\/aldovallejo.com\/en\/multimedia\/"]}]},{"@type":"BreadcrumbList","@id":"https:\/\/aldovallejo.com\/en\/multimedia\/#breadcrumb","itemListElement":[{"@type":"ListItem","position":1,"name":"Home","item":"https:\/\/aldovallejo.com\/en\/"},{"@type":"ListItem","position":2,"name":"Multimedia"}]},{"@type":"WebSite","@id":"https:\/\/aldovallejo.com\/en\/#website","url":"https:\/\/aldovallejo.com\/en\/","name":"Aldo Vallejo","description":"","publisher":{"@id":"https:\/\/aldovallejo.com\/en\/#organization"},"potentialAction":[{"@type":"SearchAction","target":{"@type":"EntryPoint","urlTemplate":"https:\/\/aldovallejo.com\/en\/?s={search_term_string}"},"query-input":{"@type":"PropertyValueSpecification","valueRequired":true,"valueName":"search_term_string"}}],"inLanguage":"en-US"},{"@type":"Organization","@id":"https:\/\/aldovallejo.com\/en\/#organization","name":"Aldo Vallejo","url":"https:\/\/aldovallejo.com\/en\/","logo":{"@type":"ImageObject","inLanguage":"en-US","@id":"https:\/\/aldovallejo.com\/en\/#\/schema\/logo\/image\/","url":"https:\/\/aldovallejo.com\/en\/wp-content\/uploads\/2021\/02\/logo-neve.svg","contentUrl":"https:\/\/aldovallejo.com\/en\/wp-content\/uploads\/2021\/02\/logo-neve.svg","width":85,"height":83,"caption":"Aldo Vallejo"},"image":{"@id":"https:\/\/aldovallejo.com\/en\/#\/schema\/logo\/image\/"}}]}},"jetpack_sharing_enabled":true,"_links":{"self":[{"href":"https:\/\/aldovallejo.com\/en\/wp-json\/wp\/v2\/pages\/491","targetHints":{"allow":["GET"]}}],"collection":[{"href":"https:\/\/aldovallejo.com\/en\/wp-json\/wp\/v2\/pages"}],"about":[{"href":"https:\/\/aldovallejo.com\/en\/wp-json\/wp\/v2\/types\/page"}],"author":[{"embeddable":true,"href":"https:\/\/aldovallejo.com\/en\/wp-json\/wp\/v2\/users\/1"}],"replies":[{"embeddable":true,"href":"https:\/\/aldovallejo.com\/en\/wp-json\/wp\/v2\/comments?post=491"}],"version-history":[{"count":4,"href":"https:\/\/aldovallejo.com\/en\/wp-json\/wp\/v2\/pages\/491\/revisions"}],"predecessor-version":[{"id":650,"href":"https:\/\/aldovallejo.com\/en\/wp-json\/wp\/v2\/pages\/491\/revisions\/650"}],"wp:attachment":[{"href":"https:\/\/aldovallejo.com\/en\/wp-json\/wp\/v2\/media?parent=491"}],"curies":[{"name":"wp","href":"https:\/\/api.w.org\/{rel}","templated":true}]}}