{"id":398,"date":"2021-10-15T08:57:51","date_gmt":"2021-10-15T08:57:51","guid":{"rendered":"https:\/\/demosites.io\/neve-3\/?page_id=398"},"modified":"2024-07-02T20:59:32","modified_gmt":"2024-07-02T20:59:32","slug":"contacto","status":"publish","type":"page","link":"https:\/\/aldovallejo.com\/es\/contacto\/","title":{"rendered":"Contacto"},"content":{"rendered":"\n<div class=\"wp-block-columns is-layout-flex wp-container-core-columns-is-layout-e2beec5a wp-block-columns-is-layout-flex\" style=\"padding-top:0px;padding-bottom:0px\">\n<div class=\"wp-block-column has-nv-text-dark-bg-background-color has-background is-layout-flow wp-block-column-is-layout-flow\" style=\"padding-top:var(--wp--preset--spacing--40);padding-right:var(--wp--preset--spacing--60);padding-bottom:var(--wp--preset--spacing--40);padding-left:var(--wp--preset--spacing--60)\">\n<h1 id=\"wp-block-themeisle-blocks-advanced-heading-9d75cb6d\" class=\" wp-block-themeisle-blocks-advanced-heading wp-block-themeisle-blocks-advanced-heading-9d75cb6d\">CONTACTO<\/h1>\n\n\n\n<p class=\"has-text-align-center\">Para ponerte en contacto con ALDO VALLEJO utiliza el formulario que aparece a continuaci\u00f3n.<\/p>\n\n\n\n<div id=\"wp-block-themeisle-blocks-form-d8f0004b\" class=\"wp-block-themeisle-blocks-form\" data-option-name=\"11925fc35229d97022ee14d5a7b5d8b4532b6fc4_d8f0004b\"><form class=\"otter-form__container\">\n<div id=\"wp-block-themeisle-blocks-form-input-cfd89bc8\" class=\"is-style-o-c-one-third wp-block-themeisle-blocks-form-input\"><label for=\"wp-block-themeisle-blocks-form-input-cfd89bc8-input\" class=\"otter-form-input-label\"><span class=\"otter-form-input-label__label\">Nombre<\/span><span class=\"required\">*<\/span><\/label><input type=\"text\" id=\"wp-block-themeisle-blocks-form-input-cfd89bc8-input\" required class=\"otter-form-input\"\/><\/div>\n\n\n\n<div id=\"wp-block-themeisle-blocks-form-input-ba3a0aa8\" class=\"is-style-o-c-one-third wp-block-themeisle-blocks-form-input\"><label for=\"wp-block-themeisle-blocks-form-input-ba3a0aa8-input\" class=\"otter-form-input-label\"><span class=\"otter-form-input-label__label\">Email<\/span><span class=\"required\">*<\/span><\/label><input type=\"email\" id=\"wp-block-themeisle-blocks-form-input-ba3a0aa8-input\" required class=\"otter-form-input\"\/><\/div>\n\n\n<div class=\"protection\" aria-hidden=\"true\"><input type=\"hidden\" id=\"wp-block-themeisle-blocks-form-d8f0004b_nonce_field\" name=\"wp-block-themeisle-blocks-form-d8f0004b_nonce_field\" value=\"a566fbe28c\" \/><input type=\"hidden\" name=\"_wp_http_referer\" value=\"\/es\/wp-json\/wp\/v2\/pages\/398\" \/><input class=\"o-anti-bot\" type=\"checkbox\"><\/div>\n\n\n<div id=\"wp-block-themeisle-blocks-form-input-ec613324\" class=\"is-style-o-c-one-third wp-block-themeisle-blocks-form-input\"><label for=\"wp-block-themeisle-blocks-form-input-ec613324-input\" class=\"otter-form-input-label\"><span class=\"otter-form-input-label__label\">Tel\u00e9fono<\/span><\/label><input type=\"text\" id=\"wp-block-themeisle-blocks-form-input-ec613324-input\" class=\"otter-form-input\"\/><\/div>\n\n\n\n<div id=\"wp-block-themeisle-blocks-form-input-7600b487\" class=\"is-style-o-c-half wp-block-themeisle-blocks-form-input\"><label for=\"wp-block-themeisle-blocks-form-input-7600b487-input\" class=\"otter-form-input-label\"><span class=\"otter-form-input-label__label\">Puesto<\/span><\/label><input type=\"text\" id=\"wp-block-themeisle-blocks-form-input-7600b487-input\" class=\"otter-form-input\"\/><\/div>\n\n\n\n<div id=\"wp-block-themeisle-blocks-form-input-7322bfee\" class=\"is-style-o-c-half wp-block-themeisle-blocks-form-input\"><label for=\"wp-block-themeisle-blocks-form-input-7322bfee-input\" class=\"otter-form-input-label\"><span class=\"otter-form-input-label__label\">Empresa<\/span><\/label><input type=\"text\" id=\"wp-block-themeisle-blocks-form-input-7322bfee-input\" class=\"otter-form-input\"\/><\/div>\n\n\n\n<div id=\"wp-block-themeisle-blocks-form-input-672f4ce7\" class=\"wp-block-themeisle-blocks-form-input\"><label for=\"wp-block-themeisle-blocks-form-input-672f4ce7-input\" class=\"otter-form-input-label\"><span class=\"otter-form-input-label__label\">Tu consulta<\/span><\/label><input type=\"text\" id=\"wp-block-themeisle-blocks-form-input-672f4ce7-input\" class=\"otter-form-input\"\/><\/div>\n\n\n\n<p class=\"has-text-align-left has-extra-small-font-size\">He le\u00eddo y acepto los t\u00e9rminos y condiciones <a href=\"#popmake-1034\">(ver aviso legal).<\/a><\/p>\n<div class=\"wp-block-button o-center\"><button class=\"wp-block-button__link\" type=\"submit\">Enviar Mensaje <\/button><\/div><\/form><\/div>\n<\/div>\n<\/div>\n\n\n\n<div id=\"wp-block-themeisle-blocks-advanced-columns-d9cf2df5\" class=\" wp-block-themeisle-blocks-advanced-columns has-2-columns has-desktop-twoOne-layout has-tablet-equal-layout has-mobile-collapsedRows-layout has-vertical-unset\"><div class=\"wp-block-themeisle-blocks-advanced-columns-overlay\"><\/div><div class=\"innerblocks-wrap\">\n<div id=\"wp-block-themeisle-blocks-advanced-column-44c6fe04\" class=\"has-dark-bg wp-block-themeisle-blocks-advanced-column\">\n<p class=\"textolegal has-text-color has-background has-link-color wp-elements-8b439a26f83d54cbf85c7e83f18f389d\" style=\"color:#979899;background-color:#54565a;letter-spacing:0px\"><strong>AVISO LEGAL:<\/strong><br><br>Este sitio web y su contenido est\u00e1n protegidos bajo la figura de derecho de autor y los tratados internacionales aplicables en la materia. La Metodolog\u00eda PENTEES\u00a9: PENT\u00c1GONO DE LA EVOLUCI\u00d3N EMPRESARIAL SOSTENIBLE\u00a9 est\u00e1 debidamente protegida bajo la figura de derecho de autor. El material de este sitio web est\u00e1 destinado \u00fanica y exclusivamente para dar a conocer la Metodolog\u00eda PENTEES\u00a9: PENT\u00c1GONO DE LA EVOLUCI\u00d3N EMPRESARIAL SOSTENIBLE\u00a9, as\u00ed como los servicios de asesor\u00eda de ALDO VALLEJO e informaci\u00f3n relacionada con la sostenibilidad, estrategia e innovaci\u00f3n, entre otros. Cualquier copia no autorizada, difusi\u00f3n en medios no aprobados, explotaci\u00f3n comercial o uso del contenido est\u00e1 prohibido. Derechos reservados\u00a9 Aldo Vallejo 2024.&nbsp;<br><br>Los datos aqu\u00ed prove\u00eddos ser\u00e1n destinados \u00fanica y exclusivamente con la finalidad de env\u00edo de noticias y material relacionado con el contenido del presente sitio web, as\u00ed como para el env\u00edo de informaci\u00f3n de inter\u00e9s, boletines, noticias y\/o informes.<\/p>\n<\/div>\n\n\n\n<div id=\"wp-block-themeisle-blocks-advanced-column-996ab43d\" class=\"has-light-bg wp-block-themeisle-blocks-advanced-column\">\n<div style=\"height:20px\" aria-hidden=\"true\" class=\"wp-block-spacer\"><\/div>\n\n\n\n<div id=\"mc_embed_shell\">\n    <link href=\"\/\/cdn-images.mailchimp.com\/embedcode\/classic-061523.css\" rel=\"stylesheet\" type=\"text\/css\">\n    <style type=\"text\/css\">\n        #mc_embed_signup {\n            background: #fff;\n            clear: left;\n            font: 14px;\n            font-family:montserrat;\n            width: 100%;\n            max-width: 600px;\n            margin: 0 auto;\n        }\n        #mc_embed_signup h2 {\n            text-align: center;\n            font-size: 26px;\n            color: #54565a;\n            padding-top: 18px;\n        }\n        #mc_embed_signup .mc-field-group input {\n            display: block;\n            width: 98%;\n            padding: 8px 0;\n            text-indent: 2%;\n        }\n        #mc_embed_signup .button {\n            font-size: 20px;\n            font-weight: bold;\n            border-radius: 15px;\n        }\n        #mc_embed_signup .mc-field-group {\n            clear: none;\n            position: relative;\n            width: 48%;\n            padding-bottom: 3%;\n            min-height: 50px;\n            display: inline-block;\n            float: left;\n            box-sizing: border-box;\n        }\n        #mc_embed_signup .foot {\n            display: block;\n            margin: auto;\n        }\n        #mc_embed_signup p {\n              padding-left: 10px;\n    padding-right: 10px;\n        }\n\n        \/* Estilos responsivos para m\u00f3viles *\/\n        @media (max-width: 600px) {\n            #mc_embed_signup .mc-field-group {\n                width: 100%;\n                display: block;\n                float: none;\n            }\n            #mc_embed_signup .mc-field-group input {\n                width: 96%;\n                margin: 0 auto;\n            }\n        }\n    <\/style>\n    <div id=\"mc_embed_signup\">\n        <h2>Mantente conectado<\/h2>\n        <p>Suscr\u00edbete y recibe peri\u00f3dicamente un bolet\u00edn con informaci\u00f3n estrat\u00e9gica y relevante para tu negocio.<\/p>\n      <form action=\"https:\/\/aldovallejo.us22.list-manage.com\/subscribe\/post?u=476ec8e37e8bdeb35ac38b8ce&amp;id=5f29f02e26&amp;f_id=0028cce1f0\" method=\"post\" id=\"mc-embedded-subscribe-form\" name=\"mc-embedded-subscribe-form\" class=\"validate\" target=\"_blank\"> \n            <div class=\"mc-field-group\">\n                <input type=\"text\" name=\"FNAME\" class=\"text\" id=\"mce-FNAME\" value=\"\" placeholder=\"Nombre\">\n            <\/div>\n            <div class=\"mc-field-group\">\n                <input type=\"email\" name=\"EMAIL\" class=\"required email\" id=\"mce-EMAIL\" value=\"\" placeholder=\"Email *\" required>\n            <\/div>\n            <div id=\"mce-responses\" class=\"clear foot\">\n                <div class=\"response\" id=\"mce-error-response\" style=\"display:none;\"><\/div>\n                <div class=\"response\" id=\"mce-success-response\" style=\"display:none;\"><\/div>\n            <\/div>\n               <div aria-hidden=\"true\" style=\"position: absolute; left: -5000px;\">\n        \/* real people should not fill this in and expect good things &#8211; do not remove this or risk form bot signups *\/\n        <input type=\"text\" name=\"b_476ec8e37e8bdeb35ac38b8ce_5f29f02e26\" tabindex=\"-1\" value=\"\">\n    <\/div>\n            <div class=\"optionalParent\">\n                <div class=\"clear foot\" style=\"text-align: center;\">\n                    <input type=\"submit\" name=\"subscribe\" id=\"mc-embedded-subscribe\" class=\"button\" value=\"Suscr\u00edbete\" style=\"background-color: #60a511; color: white;\">\n                <\/div>\n            <\/div>\n        <\/form>\n    <\/div>\n<script type=\"text\/javascript\" src=\"\/\/s3.amazonaws.com\/downloads.mailchimp.com\/js\/mc-validate.js\"><\/script><script type=\"text\/javascript\">\n        (function($) {\n            window.fnames = new Array(); \n            window.ftypes = new Array();\n            fnames[1] = 'FNAME'; \n            ftypes[1] = 'text';\n            fnames[0] = 'EMAIL'; \n            ftypes[0] = 'email';\n            fnames[2] = 'LNAME'; \n            ftypes[2] = 'text';\n            fnames[3] = 'ADDRESS'; \n            ftypes[3] = 'address';\n            fnames[4] = 'PHONE'; \n            ftypes[4] = 'phone';\n            fnames[5] = 'BIRTHDAY'; \n            ftypes[5] = 'birthday';\n        }(jQuery));\n        var $mcj = jQuery.noConflict(true);\n    <\/script>\n<\/div>\n<\/div>\n<\/div><\/div>\n","protected":false},"excerpt":{"rendered":"<p>Para ponerte en contacto con ALDO VALLEJO utiliza el formulario que aparece a continuaci\u00f3n.<\/p>\n","protected":false},"author":1,"featured_media":0,"parent":0,"menu_order":0,"comment_status":"closed","ping_status":"closed","template":"","meta":{"nf_dc_page":"","om_disable_all_campaigns":false,"_monsterinsights_skip_tracking":false,"_monsterinsights_sitenote_active":false,"_monsterinsights_sitenote_note":"","_monsterinsights_sitenote_category":0,"neve_meta_sidebar":"","neve_meta_container":"contained","neve_meta_enable_content_width":"on","neve_meta_content_width":100,"neve_meta_title_alignment":"","neve_meta_author_avatar":"","neve_post_elements_order":"","neve_meta_disable_header":"","neve_meta_disable_footer":"","neve_meta_disable_title":"on","_themeisle_gutenberg_block_has_review":false,"footnotes":""},"class_list":["post-398","page","type-page","status-publish","hentry"],"jetpack_sharing_enabled":true,"_links":{"self":[{"href":"https:\/\/aldovallejo.com\/es\/wp-json\/wp\/v2\/pages\/398","targetHints":{"allow":["GET"]}}],"collection":[{"href":"https:\/\/aldovallejo.com\/es\/wp-json\/wp\/v2\/pages"}],"about":[{"href":"https:\/\/aldovallejo.com\/es\/wp-json\/wp\/v2\/types\/page"}],"author":[{"embeddable":true,"href":"https:\/\/aldovallejo.com\/es\/wp-json\/wp\/v2\/users\/1"}],"replies":[{"embeddable":true,"href":"https:\/\/aldovallejo.com\/es\/wp-json\/wp\/v2\/comments?post=398"}],"version-history":[{"count":6,"href":"https:\/\/aldovallejo.com\/es\/wp-json\/wp\/v2\/pages\/398\/revisions"}],"predecessor-version":[{"id":1270,"href":"https:\/\/aldovallejo.com\/es\/wp-json\/wp\/v2\/pages\/398\/revisions\/1270"}],"wp:attachment":[{"href":"https:\/\/aldovallejo.com\/es\/wp-json\/wp\/v2\/media?parent=398"}],"curies":[{"name":"wp","href":"https:\/\/api.w.org\/{rel}","templated":true}]}}