{"id":800,"date":"2024-06-25T23:22:11","date_gmt":"2024-06-25T23:22:11","guid":{"rendered":"https:\/\/aldovallejo.com\/es\/?page_id=800"},"modified":"2025-01-14T15:27:17","modified_gmt":"2025-01-14T15:27:17","slug":"pentees","status":"publish","type":"page","link":"https:\/\/aldovallejo.com\/es\/pentees\/","title":{"rendered":"PENTEES\u00a9"},"content":{"rendered":"\n<div style=\"height:34px\" aria-hidden=\"true\" class=\"wp-block-spacer\"><\/div>\n\n\n\n<div id=\"wp-block-themeisle-blocks-advanced-columns-02ee1e8f\" class=\"has-light-bg wp-block-themeisle-blocks-advanced-columns has-1-columns has-desktop-equal-layout has-tablet-equal-layout hide-in-mobile has-vertical-unset\"><div class=\"wp-block-themeisle-blocks-advanced-columns-overlay\"><\/div><div class=\"innerblocks-wrap\">\n<div id=\"wp-block-themeisle-blocks-advanced-column-8fa915a7\" class=\" wp-block-themeisle-blocks-advanced-column\">\n<p class=\"has-text-align-center has-text-color has-link-color has-large-font-size wp-elements-f15df1ae61c5d101db432716d2c9f3ec\" style=\"color:#60a511\"><strong>PENTEES\u00a9<\/strong><\/p>\n<\/div>\n<\/div><\/div>\n\n\n\n<div id=\"wp-block-themeisle-blocks-advanced-columns-98e9f147\" class=\"has-light-bg wp-block-themeisle-blocks-advanced-columns has-1-columns has-tablet-equal-layout has-mobile-collapsedRows-layout hide-in-desktop has-vertical-unset\"><div class=\"wp-block-themeisle-blocks-advanced-columns-overlay\"><\/div><div class=\"innerblocks-wrap\">\n<div id=\"wp-block-themeisle-blocks-advanced-column-378d1b85\" class=\" wp-block-themeisle-blocks-advanced-column\">\n<p class=\"has-text-align-center has-text-color has-link-color wp-elements-62469eaa296813507ffe1c63acbe3a0b\" style=\"color:#60a511;font-size:22px\"><strong>PENTEES\u00a9<\/strong><\/p>\n<\/div>\n<\/div><\/div>\n\n\n\n<div id=\"wp-block-themeisle-blocks-advanced-columns-5e7bfcbb\" class=\"has-light-bg wp-block-themeisle-blocks-advanced-columns has-2-columns has-desktop-equal-layout has-tablet-equal-layout hide-in-mobile has-vertical-unset\"><div class=\"wp-block-themeisle-blocks-advanced-columns-overlay\"><\/div><div class=\"innerblocks-wrap\">\n<div id=\"wp-block-themeisle-blocks-advanced-column-ca3089d0\" class=\" wp-block-themeisle-blocks-advanced-column\">\n<figure class=\"wp-block-video\"><video height=\"1500\" style=\"aspect-ratio: 1200 \/ 1500;\" width=\"1200\" controls poster=\"https:\/\/aldovallejo.com\/es\/wp-content\/uploads\/2024\/07\/av.jpg\" src=\"https:\/\/aldovallejo.com\/es\/wp-content\/uploads\/2024\/06\/pweb01.mp4\"><\/video><\/figure>\n\n\n\n<div style=\"height:52px\" aria-hidden=\"true\" class=\"wp-block-spacer\"><\/div>\n\n\n\n<p style=\"font-size:19px\" class=\"\"><strong>PENTEES\u00a9 <\/strong>es una br\u00fajula indispensable para generar <strong>valor exponencial<\/strong> (para accionistas y grupos de inter\u00e9s), obteniendo resultados tangibles en el <strong>crecimiento rentable, <\/strong>el<strong> incremento del patrimonio <\/strong>y la construcci\u00f3n <strong>de organizaciones s\u00f3lidas y duraderas.<\/strong><\/p>\n\n\n\n<p style=\"font-size:19px\" class=\"\">M\u00e1s que un manual, la metodolog\u00eda <strong>PENTEES\u00a9<\/strong> es un <strong>marco de pensamiento que propulsa un viaje 360<\/strong> a trav\u00e9s de un proceso estructurado que permite:<\/p>\n<\/div>\n\n\n\n<div id=\"wp-block-themeisle-blocks-advanced-column-f3018b54\" class=\" wp-block-themeisle-blocks-advanced-column\">\n<div class=\"wp-block-columns is-layout-flex wp-container-core-columns-is-layout-9d6595d7 wp-block-columns-is-layout-flex\">\n<div class=\"wp-block-column is-layout-flow wp-block-column-is-layout-flow\" style=\"flex-basis:10%\">\n<figure class=\"wp-block-image size-full is-resized\"><img data-recalc-dims=\"1\" loading=\"lazy\" decoding=\"async\" width=\"78\" height=\"70\" src=\"https:\/\/i0.wp.com\/aldovallejo.com\/es\/wp-content\/uploads\/2024\/06\/check.jpg?resize=78%2C70&#038;ssl=1\" alt=\"\" class=\"wp-image-803\" style=\"aspect-ratio:1;object-fit:cover;width:50px;height:auto\"\/><\/figure>\n<\/div>\n\n\n\n<div class=\"wp-block-column is-layout-flow wp-block-column-is-layout-flow\" style=\"border-right-style:none;border-right-width:0px;padding-right:var(--wp--preset--spacing--60);flex-basis:90%\">\n<p style=\"font-size:19px\" class=\"\"><strong>Crear un Prop\u00f3sito Corporativo Trascendente <\/strong>que se constituye como el gran norte a seguir, del cual se desprenden la cultura organizacional y la estrategia corporativa, creando sentido de pertenencia en los equipos y fortaleciendo la reputaci\u00f3n.<\/p>\n<\/div>\n<\/div>\n\n\n\n<div class=\"wp-block-columns is-layout-flex wp-container-core-columns-is-layout-9d6595d7 wp-block-columns-is-layout-flex\">\n<div class=\"wp-block-column is-layout-flow wp-block-column-is-layout-flow\" style=\"flex-basis:10%\">\n<figure class=\"wp-block-image size-full is-resized\"><img data-recalc-dims=\"1\" loading=\"lazy\" decoding=\"async\" width=\"78\" height=\"70\" src=\"https:\/\/i0.wp.com\/aldovallejo.com\/es\/wp-content\/uploads\/2024\/06\/check.jpg?resize=78%2C70&#038;ssl=1\" alt=\"\" class=\"wp-image-803\" style=\"aspect-ratio:1;object-fit:cover;width:50px;height:auto\"\/><\/figure>\n<\/div>\n\n\n\n<div class=\"wp-block-column is-layout-flow wp-block-column-is-layout-flow\" style=\"border-right-style:none;border-right-width:0px;padding-right:var(--wp--preset--spacing--60);flex-basis:90%\">\n<p style=\"font-size:19px\" class=\"\"><strong>Integrar la Sostenibilidad en el centro de la Estrategia de Negocio<\/strong> con lo cual no solo pueden hacer frente exitosamente a las presiones y expectativas de sus grupos de inter\u00e9s, sino que, adem\u00e1s, hacen de la Sostenibilidad un elemento crucial para una diferenciaci\u00f3n definitiva y la creaci\u00f3n de valor compartido con crecimientos rentables.<\/p>\n<\/div>\n<\/div>\n\n\n\n<div class=\"wp-block-columns is-layout-flex wp-container-core-columns-is-layout-9d6595d7 wp-block-columns-is-layout-flex\">\n<div class=\"wp-block-column is-layout-flow wp-block-column-is-layout-flow\" style=\"flex-basis:10%\">\n<figure class=\"wp-block-image size-full is-resized\"><img data-recalc-dims=\"1\" loading=\"lazy\" decoding=\"async\" width=\"78\" height=\"70\" src=\"https:\/\/i0.wp.com\/aldovallejo.com\/es\/wp-content\/uploads\/2024\/06\/check.jpg?resize=78%2C70&#038;ssl=1\" alt=\"\" class=\"wp-image-803\" style=\"aspect-ratio:1;object-fit:cover;width:50px;height:auto\"\/><\/figure>\n<\/div>\n\n\n\n<div class=\"wp-block-column is-layout-flow wp-block-column-is-layout-flow\" style=\"border-right-style:none;border-right-width:0px;padding-right:var(--wp--preset--spacing--60);flex-basis:90%\">\n<p style=\"font-size:19px\" class=\"\"><strong>Innovar con Modelos de Negocio capaces de crear valor exponencial<\/strong> en mercados redefinidos (o totalmente nuevos) en los que se da una soluci\u00f3n rentable a un problema ambiental, social o de mercado no previamente identificado o irresuelto, preparando mejor a las empresas para las inevitables disrupciones en sus industrias.<\/p>\n<\/div>\n<\/div>\n\n\n\n<div class=\"wp-block-columns is-layout-flex wp-container-core-columns-is-layout-9d6595d7 wp-block-columns-is-layout-flex\">\n<div class=\"wp-block-column is-layout-flow wp-block-column-is-layout-flow\" style=\"flex-basis:10%\">\n<figure class=\"wp-block-image size-full is-resized\"><img data-recalc-dims=\"1\" loading=\"lazy\" decoding=\"async\" width=\"78\" height=\"70\" src=\"https:\/\/i0.wp.com\/aldovallejo.com\/es\/wp-content\/uploads\/2024\/06\/check.jpg?resize=78%2C70&#038;ssl=1\" alt=\"\" class=\"wp-image-803\" style=\"aspect-ratio:1;object-fit:cover;width:50px;height:auto\"\/><\/figure>\n<\/div>\n\n\n\n<div class=\"wp-block-column is-layout-flow wp-block-column-is-layout-flow\" style=\"border-right-style:none;border-right-width:0px;padding-right:var(--wp--preset--spacing--60);flex-basis:90%\">\n<p style=\"font-size:19px\" class=\"\"><strong>Gestionar la Reputaci\u00f3n para ser Agente de Cambio <\/strong>liderando la construcci\u00f3n de un ecosistema externo que habilite la Evoluci\u00f3n.<\/p>\n<\/div>\n<\/div>\n\n\n\n<div class=\"wp-block-columns is-layout-flex wp-container-core-columns-is-layout-9d6595d7 wp-block-columns-is-layout-flex\">\n<div class=\"wp-block-column is-layout-flow wp-block-column-is-layout-flow\" style=\"flex-basis:10%\">\n<figure class=\"wp-block-image size-full is-resized\"><img data-recalc-dims=\"1\" loading=\"lazy\" decoding=\"async\" width=\"78\" height=\"70\" src=\"https:\/\/i0.wp.com\/aldovallejo.com\/es\/wp-content\/uploads\/2024\/06\/check.jpg?resize=78%2C70&#038;ssl=1\" alt=\"\" class=\"wp-image-803\" style=\"aspect-ratio:1;object-fit:cover;width:50px;height:auto\"\/><\/figure>\n<\/div>\n\n\n\n<div class=\"wp-block-column is-layout-flow wp-block-column-is-layout-flow\" style=\"border-right-style:none;border-right-width:0px;padding-right:var(--wp--preset--spacing--60);flex-basis:90%\">\n<p style=\"font-size:19px\" class=\"\"><strong>Navegar exitosamente el Viaje de Transformaci\u00f3n <\/strong>gestionando exitosamente las m\u00faltiples dimensiones del cambio y traduciendo los esfuerzos de reinvenci\u00f3n en resultados medibles de negocio.<\/p>\n<\/div>\n<\/div>\n<\/div>\n<\/div><\/div>\n\n\n\n<div id=\"wp-block-themeisle-blocks-advanced-columns-0109dc16\" class=\"has-light-bg wp-block-themeisle-blocks-advanced-columns has-2-columns has-mobile-collapsedRows-layout hide-in-desktop hide-in-tablet has-vertical-unset\"><div class=\"wp-block-themeisle-blocks-advanced-columns-overlay\"><\/div><div class=\"innerblocks-wrap\">\n<div id=\"wp-block-themeisle-blocks-advanced-column-402cff86\" class=\" wp-block-themeisle-blocks-advanced-column\"><div class=\"align wp-block-vpb-video\" id='vpbVideoPlayer-1' data-attributes='{&quot;source&quot;:&quot;https:\\\/\\\/aldovallejo.com\\\/es\\\/wp-content\\\/uploads\\\/2024\\\/06\\\/pweb01.mp4&quot;,&quot;poster&quot;:&quot;https:\\\/\\\/aldovallejo.com\\\/es\\\/wp-content\\\/uploads\\\/2024\\\/07\\\/av.jpg&quot;,&quot;align&quot;:&quot;&quot;,&quot;controls&quot;:{&quot;play-large&quot;:true,&quot;restart&quot;:false,&quot;rewind&quot;:true,&quot;play&quot;:true,&quot;fast-forward&quot;:true,&quot;progress&quot;:true,&quot;current-time&quot;:true,&quot;duration&quot;:false,&quot;mute&quot;:true,&quot;volume&quot;:true,&quot;pip&quot;:false,&quot;airplay&quot;:false,&quot;settings&quot;:true,&quot;download&quot;:false,&quot;fullscreen&quot;:true},&quot;width&quot;:&quot;100%&quot;,&quot;radius&quot;:&quot;0px&quot;,&quot;repeat&quot;:false,&quot;autoplay&quot;:false,&quot;muted&quot;:false,&quot;resetOnEnd&quot;:false,&quot;autoHideControl&quot;:true,&quot;hasCustomCSS&quot;:false,&quot;customCSS&quot;:&quot;&quot;,&quot;openPopupId&quot;:&quot;&quot;,&quot;otterConditions&quot;:[]}'><\/div>\n\n\n<div style=\"height:52px\" aria-hidden=\"true\" class=\"wp-block-spacer\"><\/div>\n\n\n\n<p style=\"font-size:19px\" class=\"\"><strong>PENTEES\u00a9 <\/strong>es una br\u00fajula indispensable para generar <strong>valor exponencial<\/strong> (para accionistas y grupos de inter\u00e9s), con resultados tangibles en el <strong>crecimiento rentable, <\/strong>el<strong> incremento del patrimonio <\/strong>y la construcci\u00f3n <strong>de organizaciones s\u00f3lidas y duraderas.<\/strong> <\/p>\n\n\n\n<p style=\"font-size:19px\" class=\"\">M\u00e1s que un manual, la metodolog\u00eda <strong>PENTEES\u00a9<\/strong> es un <strong>marco de pensamiento que propulsa un viaje 360<\/strong> a trav\u00e9s de un proceso estructurado que permite:<\/p>\n\n\n\n<p style=\"font-size:19px\" class=\"\"><\/p>\n<\/div>\n\n\n\n<div id=\"wp-block-themeisle-blocks-advanced-column-2b3a5002\" class=\" wp-block-themeisle-blocks-advanced-column\"><div class=\"wp-block-image\">\n<figure class=\"aligncenter size-full\"><img data-recalc-dims=\"1\" loading=\"lazy\" decoding=\"async\" width=\"78\" height=\"70\" src=\"https:\/\/i0.wp.com\/aldovallejo.com\/es\/wp-content\/uploads\/2024\/06\/check.jpg?resize=78%2C70&#038;ssl=1\" alt=\"\" class=\"wp-image-803\"\/><\/figure>\n<\/div>\n\n\n<div style=\"height:10px\" aria-hidden=\"true\" class=\"wp-block-spacer\"><\/div>\n\n\n\n<p style=\"font-size:19px\" class=\"\"><strong>Crear un Prop\u00f3sito Corporativo Trascendente <\/strong> <\/p>\n\n\n\n<p style=\"font-size:19px\" class=\"\">que se constituye como el gran norte a seguir, del cual se desprenden la cultura organizacional y la estrategia corporativa, creando sentido de pertenencia en los equipos y fortaleciendo la reputaci\u00f3n.<\/p>\n\n\n<div class=\"wp-block-image\">\n<figure class=\"aligncenter size-full\"><img data-recalc-dims=\"1\" loading=\"lazy\" decoding=\"async\" width=\"78\" height=\"70\" src=\"https:\/\/i0.wp.com\/aldovallejo.com\/es\/wp-content\/uploads\/2024\/06\/check.jpg?resize=78%2C70&#038;ssl=1\" alt=\"\" class=\"wp-image-803\"\/><\/figure>\n<\/div>\n\n\n<div style=\"height:10px\" aria-hidden=\"true\" class=\"wp-block-spacer\"><\/div>\n\n\n\n<p style=\"font-size:19px\" class=\"\"><strong>Integrar la Sostenibilidad en el centro de la Estrategia de Negocio <\/strong> <\/p>\n\n\n\n<p style=\"font-size:19px\" class=\"\">con lo cual no solo pueden hacer frente exitosamente a las presiones y expectativas de sus grupos de inter\u00e9s, sino que, adem\u00e1s, hacen de la Sostenibilidad un elemento crucial para una diferenciaci\u00f3n definitiva y la creaci\u00f3n de valor compartido con crecimientos rentables.<\/p>\n\n\n<div class=\"wp-block-image\">\n<figure class=\"aligncenter size-full\"><img data-recalc-dims=\"1\" loading=\"lazy\" decoding=\"async\" width=\"78\" height=\"70\" src=\"https:\/\/i0.wp.com\/aldovallejo.com\/es\/wp-content\/uploads\/2024\/06\/check.jpg?resize=78%2C70&#038;ssl=1\" alt=\"\" class=\"wp-image-803\"\/><\/figure>\n<\/div>\n\n\n<div style=\"height:10px\" aria-hidden=\"true\" class=\"wp-block-spacer\"><\/div>\n\n\n\n<p style=\"font-size:19px\" class=\"\"><strong>Innovar con Modelos de Negocio capaces de crear valor exponencial<\/strong><\/p>\n\n\n\n<p style=\"font-size:19px\" class=\"\">en mercados redefinidos (o totalmente nuevos) en los que se da una soluci\u00f3n rentable a un problema ambiental, social o de mercado no previamente identificado o irresuelto, preparando mejor a las empresas para las inevitables disrupciones en sus industrias.<\/p>\n\n\n<div class=\"wp-block-image\">\n<figure class=\"aligncenter size-full\"><img data-recalc-dims=\"1\" loading=\"lazy\" decoding=\"async\" width=\"78\" height=\"70\" src=\"https:\/\/i0.wp.com\/aldovallejo.com\/es\/wp-content\/uploads\/2024\/06\/check.jpg?resize=78%2C70&#038;ssl=1\" alt=\"\" class=\"wp-image-803\"\/><\/figure>\n<\/div>\n\n\n<div style=\"height:10px\" aria-hidden=\"true\" class=\"wp-block-spacer\"><\/div>\n\n\n\n<p style=\"font-size:19px\" class=\"\"><strong>Gestionar la Reputaci\u00f3n para ser Agente de Cambio<\/strong><\/p>\n\n\n\n<p style=\"font-size:19px\" class=\"\">liderando la construcci\u00f3n de un ecosistema externo que habilite la Evoluci\u00f3n.<\/p>\n\n\n<div class=\"wp-block-image\">\n<figure class=\"aligncenter size-full\"><img data-recalc-dims=\"1\" loading=\"lazy\" decoding=\"async\" width=\"78\" height=\"70\" src=\"https:\/\/i0.wp.com\/aldovallejo.com\/es\/wp-content\/uploads\/2024\/06\/check.jpg?resize=78%2C70&#038;ssl=1\" alt=\"\" class=\"wp-image-803\"\/><\/figure>\n<\/div>\n\n\n<div style=\"height:10px\" aria-hidden=\"true\" class=\"wp-block-spacer\"><\/div>\n\n\n\n<p style=\"font-size:19px\" class=\"\"><strong><strong>Navegar exitosamente el Viaje de Transformaci\u00f3n<\/strong><\/strong><\/p>\n\n\n\n<p style=\"font-size:19px\" class=\"\">gestionando exitosamente las m\u00faltiples dimensiones del cambio y traduciendo los esfuerzos de reinvenci\u00f3n en resultados medibles de negocio.<\/p>\n<\/div>\n<\/div><\/div>\n\n\n\n<div style=\"height:52px\" aria-hidden=\"true\" class=\"wp-block-spacer\"><\/div>\n\n\n\n<div id=\"wp-block-themeisle-blocks-advanced-columns-d9cf2df5\" class=\" wp-block-themeisle-blocks-advanced-columns has-2-columns has-desktop-twoOne-layout has-tablet-equal-layout has-mobile-collapsedRows-layout has-vertical-unset\"><div class=\"wp-block-themeisle-blocks-advanced-columns-overlay\"><\/div><div class=\"innerblocks-wrap\">\n<div id=\"wp-block-themeisle-blocks-advanced-column-44c6fe04\" class=\"has-dark-bg wp-block-themeisle-blocks-advanced-column\">\n<p class=\"textolegal has-text-color has-background has-link-color wp-elements-8077068bf784738062029c3d79a058b9\" style=\"color:#979899;background-color:#54565a;letter-spacing:0px\"><strong>AVISO LEGAL:<\/strong><br><br>Este sitio web y su contenido est\u00e1n protegidos bajo la figura de derecho de autor y los tratados internacionales aplicables en la materia. La Metodolog\u00eda PENTEES\u00a9: PENT\u00c1GONO DE LA EVOLUCI\u00d3N EMPRESARIAL SOSTENIBLE\u00a9 est\u00e1 debidamente protegida bajo la figura de derecho de autor. El material de este sitio web est\u00e1 destinado \u00fanica y exclusivamente para dar a conocer la Metodolog\u00eda PENTEES\u00a9: PENT\u00c1GONO DE LA EVOLUCI\u00d3N EMPRESARIAL SOSTENIBLE\u00a9, as\u00ed como los servicios de asesor\u00eda de ALDO VALLEJO e informaci\u00f3n relacionada con la sostenibilidad, estrategia e innovaci\u00f3n, entre otros. Cualquier copia no autorizada, difusi\u00f3n en medios no aprobados, explotaci\u00f3n comercial o uso del contenido est\u00e1 prohibido. Derechos reservados\u00a9 Aldo Vallejo 2024.&nbsp;<br><br>Los datos aqu\u00ed prove\u00eddos ser\u00e1n destinados \u00fanica y exclusivamente con la finalidad de env\u00edo de noticias y material relacionado con el contenido del presente sitio web, as\u00ed como para el env\u00edo de informaci\u00f3n de inter\u00e9s, boletines, noticias y\/o informes.<\/p>\n<\/div>\n\n\n\n<div id=\"wp-block-themeisle-blocks-advanced-column-996ab43d\" class=\"has-light-bg wp-block-themeisle-blocks-advanced-column\">\n<div style=\"height:20px\" aria-hidden=\"true\" class=\"wp-block-spacer\"><\/div>\n\n\n\n<div id=\"mc_embed_shell\">\n    <link href=\"\/\/cdn-images.mailchimp.com\/embedcode\/classic-061523.css\" rel=\"stylesheet\" type=\"text\/css\">\n    <style type=\"text\/css\">\n        #mc_embed_signup {\n            background: #fff;\n            clear: left;\n            font: 14px;\n            font-family:montserrat;\n            width: 100%;\n            max-width: 600px;\n            margin: 0 auto;\n        }\n        #mc_embed_signup h2 {\n            text-align: center;\n            font-size: 26px;\n            color: #54565a;\n            padding-top: 18px;\n        }\n        #mc_embed_signup .mc-field-group input {\n            display: block;\n            width: 98%;\n            padding: 8px 0;\n            text-indent: 2%;\n        }\n        #mc_embed_signup .button {\n            font-size: 20px;\n            font-weight: bold;\n            border-radius: 15px;\n        }\n        #mc_embed_signup .mc-field-group {\n            clear: none;\n            position: relative;\n            width: 48%;\n            padding-bottom: 3%;\n            min-height: 50px;\n            display: inline-block;\n            float: left;\n            box-sizing: border-box;\n        }\n        #mc_embed_signup .foot {\n            display: block;\n            margin: auto;\n        }\n        #mc_embed_signup p {\n              padding-left: 10px;\n    padding-right: 10px;\n        }\n\n        \/* Estilos responsivos para m\u00f3viles *\/\n        @media (max-width: 600px) {\n            #mc_embed_signup .mc-field-group {\n                width: 100%;\n                display: block;\n                float: none;\n            }\n            #mc_embed_signup .mc-field-group input {\n                width: 96%;\n                margin: 0 auto;\n            }\n        }\n    <\/style>\n    <div id=\"mc_embed_signup\">\n        <h2>Mantente conectado<\/h2>\n        <p>Suscr\u00edbete y recibe peri\u00f3dicamente un bolet\u00edn con informaci\u00f3n estrat\u00e9gica y relevante para tu negocio.<\/p>\n      <form action=\"https:\/\/aldovallejo.us22.list-manage.com\/subscribe\/post?u=476ec8e37e8bdeb35ac38b8ce&amp;id=5f29f02e26&amp;f_id=0028cce1f0\" method=\"post\" id=\"mc-embedded-subscribe-form\" name=\"mc-embedded-subscribe-form\" class=\"validate\" target=\"_blank\"> \n            <div class=\"mc-field-group\">\n                <input type=\"text\" name=\"FNAME\" class=\"text\" id=\"mce-FNAME\" value=\"\" placeholder=\"Nombre\">\n            <\/div>\n            <div class=\"mc-field-group\">\n                <input type=\"email\" name=\"EMAIL\" class=\"required email\" id=\"mce-EMAIL\" value=\"\" placeholder=\"Email *\" required>\n            <\/div>\n            <div id=\"mce-responses\" class=\"clear foot\">\n                <div class=\"response\" id=\"mce-error-response\" style=\"display:none;\"><\/div>\n                <div class=\"response\" id=\"mce-success-response\" style=\"display:none;\"><\/div>\n            <\/div>\n               <div aria-hidden=\"true\" style=\"position: absolute; left: -5000px;\">\n        \/* real people should not fill this in and expect good things &#8211; do not remove this or risk form bot signups *\/\n        <input type=\"text\" name=\"b_476ec8e37e8bdeb35ac38b8ce_5f29f02e26\" tabindex=\"-1\" value=\"\">\n    <\/div>\n            <div class=\"optionalParent\">\n                <div class=\"clear foot\" style=\"text-align: center;\">\n                    <input type=\"submit\" name=\"subscribe\" id=\"mc-embedded-subscribe\" class=\"button\" value=\"Suscr\u00edbete\" style=\"background-color: #60a511; color: white;\">\n                <\/div>\n            <\/div>\n        <\/form>\n    <\/div>\n<script type=\"text\/javascript\" src=\"\/\/s3.amazonaws.com\/downloads.mailchimp.com\/js\/mc-validate.js\"><\/script><script type=\"text\/javascript\">\n        (function($) {\n            window.fnames = new Array(); \n            window.ftypes = new Array();\n            fnames[1] = 'FNAME'; \n            ftypes[1] = 'text';\n            fnames[0] = 'EMAIL'; \n            ftypes[0] = 'email';\n            fnames[2] = 'LNAME'; \n            ftypes[2] = 'text';\n            fnames[3] = 'ADDRESS'; \n            ftypes[3] = 'address';\n            fnames[4] = 'PHONE'; \n            ftypes[4] = 'phone';\n            fnames[5] = 'BIRTHDAY'; \n            ftypes[5] = 'birthday';\n        }(jQuery));\n        var $mcj = jQuery.noConflict(true);\n    <\/script>\n<\/div>\n<\/div>\n<\/div><\/div>\n\n\n\n<p class=\"\"><\/p>\n","protected":false},"excerpt":{"rendered":"","protected":false},"author":1,"featured_media":0,"parent":0,"menu_order":0,"comment_status":"closed","ping_status":"closed","template":"","meta":{"nf_dc_page":"","om_disable_all_campaigns":false,"_monsterinsights_skip_tracking":false,"_monsterinsights_sitenote_active":false,"_monsterinsights_sitenote_note":"","_monsterinsights_sitenote_category":0,"neve_meta_sidebar":"","neve_meta_container":"contained","neve_meta_enable_content_width":"on","neve_meta_content_width":100,"neve_meta_title_alignment":"","neve_meta_author_avatar":"","neve_post_elements_order":"","neve_meta_disable_header":"","neve_meta_disable_footer":"","neve_meta_disable_title":"on","_themeisle_gutenberg_block_has_review":false,"footnotes":""},"class_list":["post-800","page","type-page","status-publish","hentry"],"jetpack_sharing_enabled":true,"_links":{"self":[{"href":"https:\/\/aldovallejo.com\/es\/wp-json\/wp\/v2\/pages\/800","targetHints":{"allow":["GET"]}}],"collection":[{"href":"https:\/\/aldovallejo.com\/es\/wp-json\/wp\/v2\/pages"}],"about":[{"href":"https:\/\/aldovallejo.com\/es\/wp-json\/wp\/v2\/types\/page"}],"author":[{"embeddable":true,"href":"https:\/\/aldovallejo.com\/es\/wp-json\/wp\/v2\/users\/1"}],"replies":[{"embeddable":true,"href":"https:\/\/aldovallejo.com\/es\/wp-json\/wp\/v2\/comments?post=800"}],"version-history":[{"count":5,"href":"https:\/\/aldovallejo.com\/es\/wp-json\/wp\/v2\/pages\/800\/revisions"}],"predecessor-version":[{"id":1491,"href":"https:\/\/aldovallejo.com\/es\/wp-json\/wp\/v2\/pages\/800\/revisions\/1491"}],"wp:attachment":[{"href":"https:\/\/aldovallejo.com\/es\/wp-json\/wp\/v2\/media?parent=800"}],"curies":[{"name":"wp","href":"https:\/\/api.w.org\/{rel}","templated":true}]}}